{"id":6191,"date":"2021-08-16T12:00:42","date_gmt":"2021-08-16T12:00:42","guid":{"rendered":"https:\/\/www.majinga.com\/testimonials\/"},"modified":"2021-08-28T10:20:39","modified_gmt":"2021-08-28T10:20:39","slug":"testimonials","status":"publish","type":"page","link":"https:\/\/www.majinga.com\/en\/testimonials\/","title":{"rendered":"Testimonials"},"content":{"rendered":"\t\t<div data-elementor-type=\"wp-page\" data-elementor-id=\"6191\" class=\"elementor elementor-6191 elementor-5978\" data-elementor-post-type=\"page\">\n\t\t\t\t\t\t<section class=\"elementor-section elementor-top-section elementor-element elementor-element-9d88a43 elementor-section-boxed elementor-section-height-default elementor-section-height-default\" data-id=\"9d88a43\" data-element_type=\"section\" data-e-type=\"section\">\n\t\t\t\t\t\t<div class=\"elementor-container elementor-column-gap-default\">\n\t\t\t\t\t<div class=\"elementor-column elementor-col-100 elementor-top-column elementor-element elementor-element-bdc7a4e\" data-id=\"bdc7a4e\" data-element_type=\"column\" data-e-type=\"column\">\n\t\t\t<div class=\"elementor-widget-wrap elementor-element-populated\">\n\t\t\t\t\t\t<div class=\"elementor-element elementor-element-fc74e92 arrows-relative-to-box_area bullets-small-dot-stroke elementor-widget elementor-widget-the7_testimonials_carousel\" data-id=\"fc74e92\" data-element_type=\"widget\" data-e-type=\"widget\" data-settings=\"{&quot;wide_desk_columns&quot;:2,&quot;widget_columns&quot;:2,&quot;widget_columns_tablet&quot;:2,&quot;widget_columns_mobile&quot;:1,&quot;gap_between_posts&quot;:{&quot;unit&quot;:&quot;px&quot;,&quot;size&quot;:30,&quot;sizes&quot;:[]},&quot;gap_between_posts_tablet&quot;:{&quot;unit&quot;:&quot;px&quot;,&quot;size&quot;:&quot;&quot;,&quot;sizes&quot;:[]},&quot;gap_between_posts_mobile&quot;:{&quot;unit&quot;:&quot;px&quot;,&quot;size&quot;:&quot;&quot;,&quot;sizes&quot;:[]}}\" data-widget_type=\"the7_testimonials_carousel.default\">\n\t\t\t\t<div class=\"elementor-widget-container\">\n\t\t\t\t\t<div class=\"disable-arrows-hover-bg owl-carousel testimonials-carousel elementor-owl-carousel-call the7-elementor-widget the7_testimonials_carousel-fc74e92 quick-scale-img\" data-scroll-mode=\"1\" data-auto-height=\"true\" data-speed=\"600\" data-autoplay=\"false\" data-autoplay_speed=\"\"><div  class=\"dt-owl-item-wrap elements-hover elements-hover\"  ><div class=\"dt-owl-item-inner \"><a href=\"https:\/\/fr.linkedin.com\/in\/catherinetorchy\"  class=\"dt-owl-item-icon\"><svg aria-hidden=\"true\" class=\"open-button e-font-icon-svg e-fas-quote-right\" viewBox=\"0 0 512 512\" xmlns=\"http:\/\/www.w3.org\/2000\/svg\"><path d=\"M464 32H336c-26.5 0-48 21.5-48 48v128c0 26.5 21.5 48 48 48h80v64c0 35.3-28.7 64-64 64h-8c-13.3 0-24 10.7-24 24v48c0 13.3 10.7 24 24 24h8c88.4 0 160-71.6 160-160V80c0-26.5-21.5-48-48-48zm-288 0H48C21.5 32 0 53.5 0 80v128c0 26.5 21.5 48 48 48h80v64c0 35.3-28.7 64-64 64h-8c-13.3 0-24 10.7-24 24v48c0 13.3 10.7 24 24 24h8c88.4 0 160-71.6 160-160V80c0-26.5-21.5-48-48-48z\"><\/path><\/svg><\/a><h4  class=\"dt-owl-item-heading\"><a href=\"https:\/\/fr.linkedin.com\/in\/catherinetorchy\">Catherine Torchy<\/a><\/h4><h6  class=\"dt-owl-item-subtitle\">Formation Linkedin \/ Conseils Marketing Digital \/ Animatrice de clubs d'affaires \/ Networking \/ Boosteuse de r\u00e9seaux \ud83d\ude80<\/h6><div class=\"dt-owl-item-description\">Une amie m\u2019a recommand\u00e9e l\u2019expertise du studio Majinga pour tourner une vid\u00e9o pitch. C\u2019est un moyen tr\u00e8s efficace pour pr\u00e9senter son activit\u00e9 de fa\u00e7on impactante. Toute l\u2019\u00e9quipe a \u00e9t\u00e9 vraiment tr\u00e8s bienveillante et m\u2019a conseill\u00e9e efficacement optimiser la qualit\u00e9 de la vid\u00e9o. Une image vaut 1000 mots ! Cette vid\u00e9o de pr\u00e9sentation a b\u00e9n\u00e9fici\u00e9 d\u2019une grande viralit\u00e9 sur les r\u00e9seaux sociaux et a m\u2019a permise de gagner en visibilit\u00e9. Je recommande vivement la vid\u00e9o pitch de Majinga qui est un tr\u00e8s bon outil pour se d\u00e9marquer et d\u00e9velopper sa notori\u00e9t\u00e9.<\/div><a href=\"https:\/\/fr.linkedin.com\/in\/catherinetorchy\" class=\"dt-slide-button box-button elementor-button elementor-size-xs\">Cliquez Ici<\/a><\/div><\/div><div  class=\"dt-owl-item-wrap elements-hover elements-hover\"  ><div class=\"dt-owl-item-inner \"><a href=\"https:\/\/www.linkedin.com\/in\/coachdirigeantentrepriseparis\/coachdirigeantentrepriseparis&#038;usg=AOvVaw1ya9tXHAdCu2v4_ZLoq2Da\"  class=\"dt-owl-item-icon\"><svg aria-hidden=\"true\" class=\"open-button e-font-icon-svg e-fas-quote-right\" viewBox=\"0 0 512 512\" xmlns=\"http:\/\/www.w3.org\/2000\/svg\"><path d=\"M464 32H336c-26.5 0-48 21.5-48 48v128c0 26.5 21.5 48 48 48h80v64c0 35.3-28.7 64-64 64h-8c-13.3 0-24 10.7-24 24v48c0 13.3 10.7 24 24 24h8c88.4 0 160-71.6 160-160V80c0-26.5-21.5-48-48-48zm-288 0H48C21.5 32 0 53.5 0 80v128c0 26.5 21.5 48 48 48h80v64c0 35.3-28.7 64-64 64h-8c-13.3 0-24 10.7-24 24v48c0 13.3 10.7 24 24 24h8c88.4 0 160-71.6 160-160V80c0-26.5-21.5-48-48-48z\"><\/path><\/svg><\/a><h4  class=\"dt-owl-item-heading\"><a href=\"https:\/\/www.linkedin.com\/in\/coachdirigeantentrepriseparis\/coachdirigeantentrepriseparis&#038;usg=AOvVaw1ya9tXHAdCu2v4_ZLoq2Da\">Jean-Yves David<\/a><\/h4><h6  class=\"dt-owl-item-subtitle\">Coach d'affaires, \"parce qu'\u00eatre entrepreneur devrait permettre une meilleure qualit\u00e9 de vie\"<\/h6><div class=\"dt-owl-item-description\">Je recommande vivement le professionnalisme de Majinga. Nous avons r\u00e9alis\u00e9 une vid\u00e9o \"au del\u00e0 de nos attentes\" avec une \u00e9quipe de grande qualit\u00e9 et dans des locaux parfaitement adapt\u00e9s au tournage. Quel plaisir de travailler avec des pros.<\/div><a href=\"https:\/\/www.linkedin.com\/in\/coachdirigeantentrepriseparis\/coachdirigeantentrepriseparis&#038;usg=AOvVaw1ya9tXHAdCu2v4_ZLoq2Da\" class=\"dt-slide-button box-button elementor-button elementor-size-xs\">Cliquez Ici<\/a><\/div><\/div><div  class=\"dt-owl-item-wrap elements-hover elements-hover\"  ><div class=\"dt-owl-item-inner \"><a href=\"https:\/\/www.linkedin.com\/in\/pascal-goupilleau\/\"  class=\"dt-owl-item-icon\"><svg aria-hidden=\"true\" class=\"open-button e-font-icon-svg e-fas-quote-right\" viewBox=\"0 0 512 512\" xmlns=\"http:\/\/www.w3.org\/2000\/svg\"><path d=\"M464 32H336c-26.5 0-48 21.5-48 48v128c0 26.5 21.5 48 48 48h80v64c0 35.3-28.7 64-64 64h-8c-13.3 0-24 10.7-24 24v48c0 13.3 10.7 24 24 24h8c88.4 0 160-71.6 160-160V80c0-26.5-21.5-48-48-48zm-288 0H48C21.5 32 0 53.5 0 80v128c0 26.5 21.5 48 48 48h80v64c0 35.3-28.7 64-64 64h-8c-13.3 0-24 10.7-24 24v48c0 13.3 10.7 24 24 24h8c88.4 0 160-71.6 160-160V80c0-26.5-21.5-48-48-48z\"><\/path><\/svg><\/a><h4  class=\"dt-owl-item-heading\"><a href=\"https:\/\/www.linkedin.com\/in\/pascal-goupilleau\/\">Pascal Goupilleau<\/a><\/h4><h6  class=\"dt-owl-item-subtitle\">CEO et fondateur chez SuperReco<\/h6><div class=\"dt-owl-item-description\">J'ai connu Eric quand je dirigeais la Business Unit Habitat chez Solocal et nous avons lanc\u00e9 ensemble le D\u00e9fi Vid\u00e9o pour proposer massivement la vid\u00e9o aux pros de l'habitat. Ce fut un grand succ\u00e8s en multipliant nos ventes par 5. Depuis, nous avons gard\u00e9 une relation \u00e9troite car c'est un homme authentique, tr\u00e8s orient\u00e9 client, et qui a une vraie expertise dans le m\u00e9tier de la vid\u00e9o. J'appr\u00e9cie sa droiture, sa parole libre et bienveillante et sa volont\u00e9 de trouver toujours de nouvelles solutions innovantes. J'ai pu test\u00e9 r\u00e9cemment pour le lancement de ma start-up son offre de pitch o\u00f9 il a su m'accompagner sur le texte, la gestuelle tout en me mettant en confiance. Bref, si vous voulez un pro de la vid\u00e9o, contactez-le !<\/div><a href=\"https:\/\/www.linkedin.com\/in\/pascal-goupilleau\/\" class=\"dt-slide-button box-button elementor-button elementor-size-xs\">Cliquez Ici<\/a><\/div><\/div><\/div><div class=\"owl-nav disabled\"><div class=\"owl-prev\" role=\"button\" tabindex=\"0\" aria-label=\"Prev slide\"><svg class=\"e-font-icon-svg e-fas-chevron-left\" viewBox=\"0 0 320 512\" xmlns=\"http:\/\/www.w3.org\/2000\/svg\"><path d=\"M34.52 239.03L228.87 44.69c9.37-9.37 24.57-9.37 33.94 0l22.67 22.67c9.36 9.36 9.37 24.52.04 33.9L131.49 256l154.02 154.75c9.34 9.38 9.32 24.54-.04 33.9l-22.67 22.67c-9.37 9.37-24.57 9.37-33.94 0L34.52 272.97c-9.37-9.37-9.37-24.57 0-33.94z\"><\/path><\/svg><\/div><div class=\"owl-next\" role=\"button\" tabindex=\"0\" aria-label=\"Next slide\"><svg class=\"e-font-icon-svg e-fas-chevron-right\" viewBox=\"0 0 320 512\" xmlns=\"http:\/\/www.w3.org\/2000\/svg\"><path d=\"M285.476 272.971L91.132 467.314c-9.373 9.373-24.569 9.373-33.941 0l-22.667-22.667c-9.357-9.357-9.375-24.522-.04-33.901L188.505 256 34.484 101.255c-9.335-9.379-9.317-24.544.04-33.901l22.667-22.667c9.373-9.373 24.569-9.373 33.941 0L285.475 239.03c9.373 9.372 9.373 24.568.001 33.941z\"><\/path><\/svg><\/div><\/div>\t\t\t\t<\/div>\n\t\t\t\t<\/div>\n\t\t\t\t\t<\/div>\n\t\t<\/div>\n\t\t\t\t\t<\/div>\n\t\t<\/section>\n\t\t\t\t<\/div>\n\t\t","protected":false},"excerpt":{"rendered":"<p>Catherine Torchy Formation Linkedin \/ Conseils Marketing Digital \/ Animatrice de clubs d&#8217;affaires \/ Networking \/ Boosteuse de r\u00e9seaux \ud83d\ude80 Une amie m\u2019a recommand\u00e9e l\u2019expertise du studio Majinga pour tourner une vid\u00e9o pitch. C\u2019est un moyen tr\u00e8s efficace pour pr\u00e9senter son activit\u00e9 de fa\u00e7on impactante. Toute l\u2019\u00e9quipe a \u00e9t\u00e9 vraiment tr\u00e8s bienveillante et m\u2019a conseill\u00e9e&hellip;<\/p>\n","protected":false},"author":3,"featured_media":0,"parent":0,"menu_order":0,"comment_status":"closed","ping_status":"closed","template":"","meta":{"footnotes":""},"class_list":["post-6191","page","type-page","status-publish","hentry"],"yoast_head":"<!-- This site is optimized with the Yoast SEO plugin v27.4 - https:\/\/yoast.com\/product\/yoast-seo-wordpress\/ -->\n<title>Testimonials &#8211; Majinga<\/title>\n<meta name=\"robots\" content=\"index, follow, max-snippet:-1, max-image-preview:large, max-video-preview:-1\" \/>\n<link rel=\"canonical\" href=\"https:\/\/www.majinga.com\/en\/testimonials\/\" \/>\n<meta property=\"og:locale\" content=\"en_US\" \/>\n<meta property=\"og:type\" content=\"article\" \/>\n<meta property=\"og:title\" content=\"Testimonials &#8211; Majinga\" \/>\n<meta property=\"og:description\" content=\"Catherine Torchy Formation Linkedin \/ Conseils Marketing Digital \/ Animatrice de clubs d&#8217;affaires \/ Networking \/ Boosteuse de r\u00e9seaux \ud83d\ude80 Une amie m\u2019a recommand\u00e9e l\u2019expertise du studio Majinga pour tourner une vid\u00e9o pitch. C\u2019est un moyen tr\u00e8s efficace pour pr\u00e9senter son activit\u00e9 de fa\u00e7on impactante. Toute l\u2019\u00e9quipe a \u00e9t\u00e9 vraiment tr\u00e8s bienveillante et m\u2019a conseill\u00e9e&hellip;\" \/>\n<meta property=\"og:url\" content=\"https:\/\/www.majinga.com\/en\/testimonials\/\" \/>\n<meta property=\"og:site_name\" content=\"Majinga\" \/>\n<meta property=\"article:modified_time\" content=\"2021-08-28T10:20:39+00:00\" \/>\n<meta name=\"twitter:card\" content=\"summary_large_image\" \/>\n<meta name=\"twitter:label1\" content=\"Est. reading time\" \/>\n\t<meta name=\"twitter:data1\" content=\"2 minutes\" \/>\n<script type=\"application\/ld+json\" class=\"yoast-schema-graph\">{\"@context\":\"https:\\\/\\\/schema.org\",\"@graph\":[{\"@type\":\"WebPage\",\"@id\":\"https:\\\/\\\/www.majinga.com\\\/en\\\/testimonials\\\/\",\"url\":\"https:\\\/\\\/www.majinga.com\\\/en\\\/testimonials\\\/\",\"name\":\"Testimonials &#8211; Majinga\",\"isPartOf\":{\"@id\":\"https:\\\/\\\/www.majinga.com\\\/en\\\/#website\"},\"datePublished\":\"2021-08-16T12:00:42+00:00\",\"dateModified\":\"2021-08-28T10:20:39+00:00\",\"breadcrumb\":{\"@id\":\"https:\\\/\\\/www.majinga.com\\\/en\\\/testimonials\\\/#breadcrumb\"},\"inLanguage\":\"en-US\",\"potentialAction\":[{\"@type\":\"ReadAction\",\"target\":[\"https:\\\/\\\/www.majinga.com\\\/en\\\/testimonials\\\/\"]}]},{\"@type\":\"BreadcrumbList\",\"@id\":\"https:\\\/\\\/www.majinga.com\\\/en\\\/testimonials\\\/#breadcrumb\",\"itemListElement\":[{\"@type\":\"ListItem\",\"position\":1,\"name\":\"Accueil\",\"item\":\"https:\\\/\\\/www.majinga.com\\\/en\\\/\"},{\"@type\":\"ListItem\",\"position\":2,\"name\":\"Testimonials\"}]},{\"@type\":\"WebSite\",\"@id\":\"https:\\\/\\\/www.majinga.com\\\/en\\\/#website\",\"url\":\"https:\\\/\\\/www.majinga.com\\\/en\\\/\",\"name\":\"Majinga\",\"description\":\"R\u00e9v\u00e9lateur d\u2019\u00e2me interactive\",\"publisher\":{\"@id\":\"https:\\\/\\\/www.majinga.com\\\/en\\\/#organization\"},\"potentialAction\":[{\"@type\":\"SearchAction\",\"target\":{\"@type\":\"EntryPoint\",\"urlTemplate\":\"https:\\\/\\\/www.majinga.com\\\/en\\\/?s={search_term_string}\"},\"query-input\":{\"@type\":\"PropertyValueSpecification\",\"valueRequired\":true,\"valueName\":\"search_term_string\"}}],\"inLanguage\":\"en-US\"},{\"@type\":\"Organization\",\"@id\":\"https:\\\/\\\/www.majinga.com\\\/en\\\/#organization\",\"name\":\"Majinga\",\"url\":\"https:\\\/\\\/www.majinga.com\\\/en\\\/\",\"logo\":{\"@type\":\"ImageObject\",\"inLanguage\":\"en-US\",\"@id\":\"https:\\\/\\\/www.majinga.com\\\/en\\\/#\\\/schema\\\/logo\\\/image\\\/\",\"url\":\"https:\\\/\\\/www.majinga.com\\\/wp-content\\\/uploads\\\/2021\\\/08\\\/logo-Majinga_716x238.png\",\"contentUrl\":\"https:\\\/\\\/www.majinga.com\\\/wp-content\\\/uploads\\\/2021\\\/08\\\/logo-Majinga_716x238.png\",\"width\":716,\"height\":238,\"caption\":\"Majinga\"},\"image\":{\"@id\":\"https:\\\/\\\/www.majinga.com\\\/en\\\/#\\\/schema\\\/logo\\\/image\\\/\"},\"sameAs\":[\"https:\\\/\\\/www.linkedin.com\\\/company\\\/majinga\\\/\",\"https:\\\/\\\/www.youtube.com\\\/channel\\\/UCCl1r0TSejt-e9Kmw04pgBA\\\/\"]}]}<\/script>\n<!-- \/ Yoast SEO plugin. -->","yoast_head_json":{"title":"Testimonials &#8211; Majinga","robots":{"index":"index","follow":"follow","max-snippet":"max-snippet:-1","max-image-preview":"max-image-preview:large","max-video-preview":"max-video-preview:-1"},"canonical":"https:\/\/www.majinga.com\/en\/testimonials\/","og_locale":"en_US","og_type":"article","og_title":"Testimonials &#8211; Majinga","og_description":"Catherine Torchy Formation Linkedin \/ Conseils Marketing Digital \/ Animatrice de clubs d&#8217;affaires \/ Networking \/ Boosteuse de r\u00e9seaux \ud83d\ude80 Une amie m\u2019a recommand\u00e9e l\u2019expertise du studio Majinga pour tourner une vid\u00e9o pitch. C\u2019est un moyen tr\u00e8s efficace pour pr\u00e9senter son activit\u00e9 de fa\u00e7on impactante. Toute l\u2019\u00e9quipe a \u00e9t\u00e9 vraiment tr\u00e8s bienveillante et m\u2019a conseill\u00e9e&hellip;","og_url":"https:\/\/www.majinga.com\/en\/testimonials\/","og_site_name":"Majinga","article_modified_time":"2021-08-28T10:20:39+00:00","twitter_card":"summary_large_image","twitter_misc":{"Est. reading time":"2 minutes"},"schema":{"@context":"https:\/\/schema.org","@graph":[{"@type":"WebPage","@id":"https:\/\/www.majinga.com\/en\/testimonials\/","url":"https:\/\/www.majinga.com\/en\/testimonials\/","name":"Testimonials &#8211; Majinga","isPartOf":{"@id":"https:\/\/www.majinga.com\/en\/#website"},"datePublished":"2021-08-16T12:00:42+00:00","dateModified":"2021-08-28T10:20:39+00:00","breadcrumb":{"@id":"https:\/\/www.majinga.com\/en\/testimonials\/#breadcrumb"},"inLanguage":"en-US","potentialAction":[{"@type":"ReadAction","target":["https:\/\/www.majinga.com\/en\/testimonials\/"]}]},{"@type":"BreadcrumbList","@id":"https:\/\/www.majinga.com\/en\/testimonials\/#breadcrumb","itemListElement":[{"@type":"ListItem","position":1,"name":"Accueil","item":"https:\/\/www.majinga.com\/en\/"},{"@type":"ListItem","position":2,"name":"Testimonials"}]},{"@type":"WebSite","@id":"https:\/\/www.majinga.com\/en\/#website","url":"https:\/\/www.majinga.com\/en\/","name":"Majinga","description":"R\u00e9v\u00e9lateur d\u2019\u00e2me interactive","publisher":{"@id":"https:\/\/www.majinga.com\/en\/#organization"},"potentialAction":[{"@type":"SearchAction","target":{"@type":"EntryPoint","urlTemplate":"https:\/\/www.majinga.com\/en\/?s={search_term_string}"},"query-input":{"@type":"PropertyValueSpecification","valueRequired":true,"valueName":"search_term_string"}}],"inLanguage":"en-US"},{"@type":"Organization","@id":"https:\/\/www.majinga.com\/en\/#organization","name":"Majinga","url":"https:\/\/www.majinga.com\/en\/","logo":{"@type":"ImageObject","inLanguage":"en-US","@id":"https:\/\/www.majinga.com\/en\/#\/schema\/logo\/image\/","url":"https:\/\/www.majinga.com\/wp-content\/uploads\/2021\/08\/logo-Majinga_716x238.png","contentUrl":"https:\/\/www.majinga.com\/wp-content\/uploads\/2021\/08\/logo-Majinga_716x238.png","width":716,"height":238,"caption":"Majinga"},"image":{"@id":"https:\/\/www.majinga.com\/en\/#\/schema\/logo\/image\/"},"sameAs":["https:\/\/www.linkedin.com\/company\/majinga\/","https:\/\/www.youtube.com\/channel\/UCCl1r0TSejt-e9Kmw04pgBA\/"]}]}},"_links":{"self":[{"href":"https:\/\/www.majinga.com\/en\/wp-json\/wp\/v2\/pages\/6191","targetHints":{"allow":["GET"]}}],"collection":[{"href":"https:\/\/www.majinga.com\/en\/wp-json\/wp\/v2\/pages"}],"about":[{"href":"https:\/\/www.majinga.com\/en\/wp-json\/wp\/v2\/types\/page"}],"author":[{"embeddable":true,"href":"https:\/\/www.majinga.com\/en\/wp-json\/wp\/v2\/users\/3"}],"replies":[{"embeddable":true,"href":"https:\/\/www.majinga.com\/en\/wp-json\/wp\/v2\/comments?post=6191"}],"version-history":[{"count":0,"href":"https:\/\/www.majinga.com\/en\/wp-json\/wp\/v2\/pages\/6191\/revisions"}],"wp:attachment":[{"href":"https:\/\/www.majinga.com\/en\/wp-json\/wp\/v2\/media?parent=6191"}],"curies":[{"name":"wp","href":"https:\/\/api.w.org\/{rel}","templated":true}]}}